{"id":381,"date":"2020-04-30T07:26:40","date_gmt":"2020-04-30T07:26:40","guid":{"rendered":"https:\/\/mouton-resilient.com\/?page_id=381"},"modified":"2025-05-11T09:09:58","modified_gmt":"2025-05-11T09:09:58","slug":"politique-de-confidentialite","status":"publish","type":"page","link":"https:\/\/mouton-resilient.com\/en\/politique-de-confidentialite\/","title":{"rendered":"Politique de confidentialit\u00e9"},"content":{"rendered":"<h1 style=\"text-align: center;\"><strong><span><span>POLITIQUE DE CONFIDENTIALIT\u00c9<\/span> <\/span><\/strong><\/h1>\n<\/p>\n<h2 data-pm-slice=\"1 1 []\" style=\"text-align: left;\">Introduction<\/h2>\n<p>La pr\u00e9sente <strong>politique de confidentialit\u00e9<\/strong> d\u00e9crit les pratiques de Mouton-R\u00e9silient en mati\u00e8re de collecte, d&rsquo;utilisation, de protection et de partage des informations personnelles des utilisateurs du site et de ses services. En acc\u00e9dant \u00e0 notre site ou en utilisant nos services, vous acceptez les pratiques d\u00e9crites dans cette politique.<\/p>\n<\/p>\n<h2 style=\"text-align: left;\">C<span style=\"text-transform: lowercase !important;\">ollecte de donn\u00e9es<\/span><\/h2>\n<p style=\"text-align: left;\"><span data-contrast=\"auto\" lang=\"FR-FR\"><span data-wac-het=\"1\">Votre email est collect\u00e9 pour vous faire parvenir nos nouveaux articles, nouvelles vid\u00e9os et nos offres commerciales, dans le strict respect de la r\u00e9glementation europ\u00e9enne sur la collecte des donn\u00e9es.&nbsp;<\/span><\/span><strong><span data-contrast=\"auto\" lang=\"FR-FR\"><span data-wac-het=\"1\">&nbsp;Vos donn\u00e9es personnelles sont conserv\u00e9es de&nbsp;<\/span><\/span><span data-contrast=\"auto\" lang=\"FR-FR\"><span data-wac-het=\"1\">mani\u00e8re confidentielle<\/span><\/span><\/strong><span data-contrast=\"auto\" lang=\"FR-FR\"><span data-wac-het=\"1\"> et ne sont ni c\u00e9d\u00e9es ni vendues \u00e0 des tiers.<\/span><\/span><span data-ccp-props=\"{&quot;134233117&quot;:true,&quot;134233118&quot;:true,&quot;201341983&quot;:0,&quot;335559739&quot;:160,&quot;335559740&quot;:240}\" data-wac-het=\"1\">&nbsp;<\/span><span data-contrast=\"auto\" lang=\"FR-FR\"><span data-wac-het=\"1\">Tous les emails envoy\u00e9s contiennent <strong>un lien de d\u00e9sinscription<\/strong> qui permet de ne plus recevoir de message. Les emails collect\u00e9s sont stock\u00e9s p<\/span><\/span><span data-contrast=\"auto\" lang=\"FR-FR\"><span data-wac-het=\"1\">ar&nbsp;<\/span><\/span><a href=\"https:\/\/sg-autorepondeur.com\/?r=42991&amp;ban=lien\" style=\"outline: none;\" target=\"_blank\" rel=\"noopener\"><span data-contrast=\"none\" lang=\"FR-FR\"><span data-ccp-charstyle=\"Hyperlink\" data-wac-het=\"1\">SG Autor\u00e9pondeur<\/span><\/span><\/a><span data-contrast=\"auto\" lang=\"FR-FR\"><span data-wac-het=\"1\">, un auto-r\u00e9pondeur fran\u00e7ais et fiable.<\/span><\/span><\/p>\n<p \"=\"\" 1\"=\"\" data-aria-posinset=\"3\" data-font=\"Symbol\" data-leveltext=\"\uf0b7\" data-listid=\"12\" style=\"text-align: justify;\">\n<h2 data-pm-slice=\"1 1 []\" style=\"text-align: left;\">S<span style=\"text-transform: lowercase !important;\">\u00e9curit\u00e9 des Informations<\/span><\/h2>\n<p>Nous mettons en \u0153uvre des<strong> mesures de s\u00e9curit\u00e9 techniques et organisationnelles<\/strong> appropri\u00e9es pour prot\u00e9ger vos donn\u00e9es contre tout acc\u00e8s, perte, alt\u00e9ration ou divulgation non autoris\u00e9s.<\/p>\n<\/p>\n<h2 data-pm-slice=\"1 3 []\" style=\"text-align: left;\">P<span style=\"text-transform: lowercase !important;\">artage des Informations<\/span><\/h2>\n<p>Nous nous engageons <strong>\u00e0 ne pas vendre vos informations personnelles<\/strong>.<\/p>\n<p>Nous pouvons partager vos donn\u00e9es uniquement dans les cas suivants :<\/p>\n<ul data-spread=\"false\">\n<li>Avec des fournisseurs de services tiers agissant en notre nom.<\/li>\n<li>Pour nous conformer \u00e0 des obligations l\u00e9gales ou r\u00e9pondre \u00e0 une demande des autorit\u00e9s.<\/li>\n<li>En cas de vente ou de fusion de Mouton-R\u00e9silient.<\/li>\n<\/ul>\n<h2 data-pm-slice=\"1 1 []\" style=\"text-align: left;\">C<span style=\"text-transform: lowercase !important;\">ookies et Technologies Similaires<\/span><\/h2>\n<p><span data-contrast=\"auto\" lang=\"FR-FR\"><span data-wac-het=\"1\">Mouton-R\u00e9silient<\/span><\/span><span data-contrast=\"auto\" lang=\"FR-FR\"><span data-wac-het=\"1\">.com utilise des <strong>cookies pour am\u00e9liorer votre navigation<\/strong> et l\u2019acc\u00e8s au contenu du site. Vous pouvez param\u00e9trer vos cookies en vous r\u00e9f\u00e9rant aux pages support de votre navigateur internet.&nbsp;<\/span><\/span>Nous utilisons des cookies pour am\u00e9liorer votre exp\u00e9rience de navigation. Vous pouvez <strong>g\u00e9rer vos pr\u00e9f\u00e9rences<\/strong> en mati\u00e8re de cookies via les param\u00e8tres de <strong>votre navigateur.<\/strong><\/p>\n<\/p>\n<h2 data-pm-slice=\"1 1 []\" style=\"text-align: left;\">D<span style=\"text-transform: lowercase !important;\">\u00e9sinscription \u00e0 la Newsletter<\/span><\/h2>\n<p><strong>Vous pouvez vous d\u00e9sinscrire <\/strong>de <a href=\"https:\/\/mouton-resilient.com\/en\/contact\/#tve-jump-18d66ee46f2\" target=\"_blank\" style=\"outline: none;\">notre newsletter<\/a> \u00e0 tout moment en utilisant le lien de d\u00e9sinscription pr\u00e9sent dans chaque e-mail que nous vous envoyons.&nbsp;<\/p>\n<\/p>\n<h2 style=\"text-align: left;\"><strong>C<span style=\"text-transform: lowercase !important;\">ommentaires sous les articles de blog<\/span><\/strong><\/h2>\n<p style=\"text-align: left;\"><span data-contrast=\"auto\" lang=\"FR-FR\"><span data-wac-het=\"1\">Les commentaires <strong>sous les articles de blog<\/strong> sont mod\u00e9r\u00e9s.&nbsp;<\/span><\/span><span data-contrast=\"auto\" lang=\"FR-FR\"><span data-wac-het=\"1\">&nbsp;C\u2019est-\u00e0-dire qu&rsquo;il y a <strong>v<\/strong><strong>alidation manuelle <\/strong>de notre part avant diffusion publique d&rsquo;un commentaire.&nbsp;<\/span><\/span><span data-contrast=\"auto\" lang=\"FR-FR\"><span data-wac-het=\"1\">Mouton-R\u00e9silient se r\u00e9serve le droit de supprimer tout commentaire qui enfreindrait les lois fran\u00e7aises ou Am\u00e9ricaines ou que nous jugerions inappropri\u00e9 (commentaires racistes, diffamatoires, insultes, promotions d&rsquo;armes \u00e0 feu, spams, etc.).<\/span><\/span><\/p>\n<p style=\"text-align: left;\">\n<h2 style=\"text-align: left; font-size: 34px !important;\"><strong>A<span style=\"text-transform: lowercase !important;\">ffiliation<\/span><\/strong><\/h2>\n<p style=\"text-align: left;\"><span data-contrast=\"auto\" lang=\"FR-FR\"><span data-wac-het=\"1\">Mouton-R\u00e9silient participe \u00e0 des <strong>programmes d&rsquo;affiliation<\/strong> et peut percevoir une commission sur les achats r\u00e9alis\u00e9s via certains liens de notre site. Pour en savoir plus sur nos pratiques d&rsquo;affiliation, veuillez consulter notre page&nbsp;<\/span><\/span><a href=\"https:\/\/mouton-resilient.com\/en\/partenaires\/\" target=\"_blank\" style=\"outline: none;\"><span data-contrast=\"auto\" lang=\"FR-FR\"><span data-wac-het=\"1\">Partenaires<\/span><\/span><\/a><span data-contrast=\"auto\" lang=\"FR-FR\"><span data-wac-het=\"1\">.&nbsp;<\/span><\/span><\/p>\n<p style=\"text-align: left;\">\n<h2 data-pm-slice=\"1 1 []\" style=\"text-align: left;\">M<span style=\"text-transform: lowercase !important;\">odifications de la Politique de Confidentialit\u00e9<\/span><\/h2>\n<p>Nous nous r\u00e9servons le droit de <strong>modifier cette politique \u00e0 tout moment<\/strong>. Toute modification sera publi\u00e9e sur cette page et prendra effet imm\u00e9diatement apr\u00e8s sa publication.<\/p>\n<\/p>\n<h2 data-pm-slice=\"1 3 []\" style=\"text-align: left;\">N<span style=\"text-transform: lowercase !important;\">ous Contacter<\/span><\/h2>\n<p>Si vous avez des questions concernant cette politique de confidentialit\u00e9, vous pouvez nous contacter \u00e0 : <a disabled=\"true\" style=\"outline: none;\">mouton.resilient@gmail.com<\/a><\/p>\n<p style=\"text-align: left;\"><span data-contrast=\"auto\" lang=\"FR-FR\"><span data-wac-het=\"1\"><strong><span data-contrast=\"auto\" lang=\"FR-FR\"><span data-wac-het=\"1\"><span data-contrast=\"auto\" lang=\"FR-FR\"><span data-wac-het=\"1\">Mouton-R\u00e9silient @Tous droits r\u00e9serv\u00e9s. <\/span><\/span><\/span><\/span><\/strong><\/span><\/span><\/p>\n<p style=\"text-align: justify;\">\n<p style=\"text-align: justify;\">","protected":false},"excerpt":{"rendered":"<p>POLITIQUE DE CONFIDENTIALIT\u00c9 Introduction La pr\u00e9sente politique de confidentialit\u00e9 d\u00e9crit les pratiques de Mouton-R\u00e9silient en mati\u00e8re de collecte, d&rsquo;utilisation, de protection et de partage des informations personnelles des utilisateurs du site et de ses services. En acc\u00e9dant \u00e0 notre site ou en utilisant nos services, vous acceptez les pratiques d\u00e9crites dans cette politique. Collecte de&hellip;&nbsp;<a href=\"https:\/\/mouton-resilient.com\/en\/politique-de-confidentialite\/\" rel=\"bookmark\">Read More &raquo;<span class=\"screen-reader-text\">Politique de confidentialit\u00e9<\/span><\/a><\/p>","protected":false},"author":10,"featured_media":39107,"parent":0,"menu_order":36,"comment_status":"closed","ping_status":"closed","template":"","meta":{"_acf_changed":false,"neve_meta_sidebar":"full-width","neve_meta_container":"","neve_meta_enable_content_width":"off","neve_meta_content_width":100,"neve_meta_title_alignment":"","neve_meta_author_avatar":"","neve_post_elements_order":"","neve_meta_disable_header":"","neve_meta_disable_footer":"","neve_meta_disable_title":"on","footnotes":"","tve_updated_post":"<div class=\"thrv_wrapper thrv-page-section tve-height-update tcb-window-width\" style=\"\" data-css=\"tve-u-1944314ee16\">\n\t<div class=\"tve-page-section-out\" style=\"\" data-css=\"tve-u-192dd0bf04d\"><\/div>\n\t<div class=\"tve-page-section-in tve_empty_dropzone\" data-css=\"tve-u-192dd0bcb16\"><div class=\"thrv_wrapper thrv_text_element\" style=\"\" data-css=\"tve-u-192dd0cd149\"><h1 class=\"\" style=\"text-align: center;\" data-css=\"tve-u-19430e38d26\"><strong><span data-css=\"tve-u-192dd0cb52f\"><span data-css=\"tve-u-192dd0ce9db\">POLITIQUE DE CONFIDENTIALIT\u00c9<\/span> <\/span><\/strong><\/h1><\/div><\/div>\n<\/div><div class=\"thrv_wrapper thrv_text_element\"><p><br><\/p><\/div><div class=\"thrv_wrapper thrv_text_element\"><h2 data-pm-slice=\"1 1 []\" class=\"\" style=\"text-align: left;\" data-css=\"tve-u-196ad570c70\">Introduction<\/h2><\/div><div class=\"thrv_wrapper thrv_text_element\"><p>La pr\u00e9sente <strong>politique de confidentialit\u00e9<\/strong> d\u00e9crit les pratiques de Mouton-R\u00e9silient en mati\u00e8re de collecte, d'utilisation, de protection et de partage des informations personnelles des utilisateurs du site et de ses services. En acc\u00e9dant \u00e0 notre site ou en utilisant nos services, vous acceptez les pratiques d\u00e9crites dans cette politique.<\/p><p><br><\/p><\/div><div class=\"thrv_wrapper thrv_text_element\" style=\"\" data-css=\"tve-u-18369fa1e01\"><h2 class=\"\" style=\"text-align: left;\">C<span style=\"text-transform: lowercase !important;\" data-css=\"tve-u-196ad572113\">ollecte de donn\u00e9es<\/span><br><\/h2><\/div><div class=\"thrv_wrapper thrv_text_element\"><p style=\"text-align: left;\"><span data-contrast=\"auto\" data-css=\"tve-u-171ca00a061\" lang=\"FR-FR\"><span data-css=\"tve-u-171ca00a062\" data-wac-het=\"1\">Votre email est collect\u00e9 pour vous faire parvenir nos nouveaux articles, nouvelles vid\u00e9os et nos offres commerciales, dans le strict respect de la r\u00e9glementation europ\u00e9enne sur la collecte des donn\u00e9es.&nbsp;<\/span><\/span><strong><span data-contrast=\"auto\" data-css=\"tve-u-171ca00a0bf\" lang=\"FR-FR\"><span data-css=\"tve-u-171ca00a0c0\" data-wac-het=\"1\">&nbsp;Vos donn\u00e9es personnelles sont conserv\u00e9es de&nbsp;<\/span><\/span><span data-contrast=\"auto\" data-css=\"tve-u-171ca00a0c1\" lang=\"FR-FR\"><span data-css=\"tve-u-171ca00a0c3\" data-wac-het=\"1\">mani\u00e8re confidentielle<\/span><\/span><\/strong><span data-contrast=\"auto\" data-css=\"tve-u-171ca00a0c4\" lang=\"FR-FR\"><span data-css=\"tve-u-171ca00a0c5\" data-wac-het=\"1\"> et ne sont ni c\u00e9d\u00e9es ni vendues \u00e0 des tiers.<\/span><\/span><span data-ccp-props=\"{&quot;134233117&quot;:true,&quot;134233118&quot;:true,&quot;201341983&quot;:0,&quot;335559739&quot;:160,&quot;335559740&quot;:240}\" data-css=\"tve-u-171ca00a0c7\" data-wac-het=\"1\">&nbsp;<\/span><span data-contrast=\"auto\" data-css=\"tve-u-171ca00a066\" lang=\"FR-FR\"><span data-css=\"tve-u-171ca00a068\" data-wac-het=\"1\">Tous les emails envoy\u00e9s contiennent <strong>un lien de d\u00e9sinscription<\/strong> qui permet de ne plus recevoir de message. Les emails collect\u00e9s sont stock\u00e9s p<\/span><\/span><span data-contrast=\"auto\" data-css=\"tve-u-171ca00a069\" lang=\"FR-FR\"><span data-css=\"tve-u-171ca00a06a\" data-wac-het=\"1\">ar&nbsp;<\/span><\/span><a class=\"\" href=\"https:\/\/sg-autorepondeur.com\/?r=42991&amp;ban=lien\" style=\"outline: none;\" target=\"_blank\"><span data-contrast=\"none\" data-css=\"tve-u-171ca00a06c\" lang=\"FR-FR\"><span data-ccp-charstyle=\"Hyperlink\" data-css=\"tve-u-171ca00a06d\" data-wac-het=\"1\">SG Autor\u00e9pondeur<\/span><\/span><\/a><span data-contrast=\"auto\" data-css=\"tve-u-171ca00a06e\" lang=\"FR-FR\"><span data-css=\"tve-u-171ca00a06f\" data-wac-het=\"1\">, un auto-r\u00e9pondeur fran\u00e7ais et fiable.<\/span><\/span><\/p><p \"=\"\" 1\"=\"\" class=\"data-aria-level=\" data-aria-posinset=\"3\" data-css=\"tve-u-171ca00a031\" data-font=\"Symbol\" data-leveltext=\"\uf0b7\" data-listid=\"12\" style=\"text-align: justify;\"><br><\/p><\/div><div class=\"thrv_wrapper thrv_text_element\"><h2 data-pm-slice=\"1 1 []\" class=\"\" style=\"text-align: left;\">S<span style=\"text-transform: lowercase !important;\" data-css=\"tve-u-196ad57425c\">\u00e9curit\u00e9 des Informations<\/span><\/h2><p>Nous mettons en \u0153uvre des<strong> mesures de s\u00e9curit\u00e9 techniques et organisationnelles<\/strong> appropri\u00e9es pour prot\u00e9ger vos donn\u00e9es contre tout acc\u00e8s, perte, alt\u00e9ration ou divulgation non autoris\u00e9s.<\/p><p><br><\/p><\/div><div class=\"thrv_wrapper thrv_text_element\"><h2 data-pm-slice=\"1 3 []\" class=\"\" style=\"text-align: left;\">P<span style=\"text-transform: lowercase !important;\" data-css=\"tve-u-196ad57502b\">artage des Informations<\/span><\/h2><p>Nous nous engageons <strong>\u00e0 ne pas vendre vos informations personnelles<\/strong>.<\/p><p>Nous pouvons partager vos donn\u00e9es uniquement dans les cas suivants :<\/p><ul class=\"\" data-spread=\"false\"><li>Avec des fournisseurs de services tiers agissant en notre nom.<\/li><li>Pour nous conformer \u00e0 des obligations l\u00e9gales ou r\u00e9pondre \u00e0 une demande des autorit\u00e9s.<\/li><li>En cas de vente ou de fusion de Mouton-R\u00e9silient.<\/li><\/ul><\/div><div class=\"thrv_wrapper thrv_text_element\"><h2 data-pm-slice=\"1 1 []\" class=\"\" style=\"text-align: left;\">C<span style=\"text-transform: lowercase !important;\" data-css=\"tve-u-196ad575e0f\">ookies et Technologies Similaires<\/span><\/h2><p><span data-contrast=\"auto\" data-css=\"tve-u-171ca00a076\" lang=\"FR-FR\"><span data-css=\"tve-u-171ca00a077\" data-wac-het=\"1\">Mouton-R\u00e9silient<\/span><\/span><span data-contrast=\"auto\" data-css=\"tve-u-171ca00a079\" lang=\"FR-FR\"><span data-css=\"tve-u-171ca00a07a\" data-wac-het=\"1\">.com utilise des <strong>cookies pour am\u00e9liorer votre navigation<\/strong> et l\u2019acc\u00e8s au contenu du site. Vous pouvez param\u00e9trer vos cookies en vous r\u00e9f\u00e9rant aux pages support de votre navigateur internet.&nbsp;<\/span><\/span>Nous utilisons des cookies pour am\u00e9liorer votre exp\u00e9rience de navigation. Vous pouvez <strong>g\u00e9rer vos pr\u00e9f\u00e9rences<\/strong> en mati\u00e8re de cookies via les param\u00e8tres de <strong>votre navigateur.<\/strong><\/p><p><br><\/p><\/div><div class=\"thrv_wrapper thrv_text_element\"><h2 data-pm-slice=\"1 1 []\" class=\"\" style=\"text-align: left;\">D<span style=\"text-transform: lowercase !important;\" data-css=\"tve-u-196ad576cb2\">\u00e9sinscription \u00e0 la Newsletter<\/span><\/h2><p><strong>Vous pouvez vous d\u00e9sinscrire <\/strong>de <a href=\"https:\/\/mouton-resilient.com\/contact\/#tve-jump-18d66ee46f2\" target=\"_blank\" class=\"\" style=\"outline: none;\">notre newsletter<\/a> \u00e0 tout moment en utilisant le lien de d\u00e9sinscription pr\u00e9sent dans chaque e-mail que nous vous envoyons.&nbsp;<\/p><p><br><\/p><\/div><div class=\"thrv_wrapper thrv_text_element\" style=\"\" data-css=\"tve-u-18369fac6cc\"><h2 class=\"\" style=\"text-align: left;\"><strong>C<span style=\"text-transform: lowercase !important;\" data-css=\"tve-u-196ad577876\">ommentaires sous les articles de blog<\/span><\/strong><br><\/h2><\/div><div class=\"thrv_wrapper thrv_text_element\"><p style=\"text-align: left;\"><span data-contrast=\"auto\" data-css=\"tve-u-171ca00a0bf\" lang=\"FR-FR\"><span data-css=\"tve-u-171ca00a0c0\" data-wac-het=\"1\">Les commentaires <strong>sous les articles de blog<\/strong> sont mod\u00e9r\u00e9s.&nbsp;<\/span><\/span><span data-contrast=\"auto\" data-css=\"tve-u-171ca00a0bf\" lang=\"FR-FR\"><span data-css=\"tve-u-171ca00a0c0\" data-wac-het=\"1\">&nbsp;C\u2019est-\u00e0-dire qu'il y a <strong>v<\/strong><strong>alidation manuelle <\/strong>de notre part avant diffusion publique d'un commentaire.&nbsp;<\/span><\/span><span data-contrast=\"auto\" data-css=\"tve-u-171ca00a0bf\" lang=\"FR-FR\"><span data-css=\"tve-u-171ca00a0c0\" data-wac-het=\"1\">Mouton-R\u00e9silient se r\u00e9serve le droit de supprimer tout commentaire qui enfreindrait les lois fran\u00e7aises ou Am\u00e9ricaines ou que nous jugerions inappropri\u00e9 (commentaires racistes, diffamatoires, insultes, promotions d'armes \u00e0 feu, spams, etc.).<\/span><\/span><\/p><p style=\"text-align: left;\"><br><\/p><\/div><div class=\"thrv_wrapper thrv_text_element\" style=\"\" data-css=\"tve-u-18369fae8a7\"><h2 class=\"\" style=\"text-align: left; font-size: 34px !important;\"><strong>A<span style=\"text-transform: lowercase !important;\" data-css=\"tve-u-196ad578474\">ffiliation<\/span><\/strong><br><\/h2><\/div><div class=\"thrv_wrapper thrv_text_element\"><p style=\"text-align: left;\"><span data-contrast=\"auto\" data-css=\"tve-u-171ca00a0bf\" lang=\"FR-FR\"><span data-css=\"tve-u-171ca00a0c0\" data-wac-het=\"1\">Mouton-R\u00e9silient participe \u00e0 des <strong>programmes d'affiliation<\/strong> et peut percevoir une commission sur les achats r\u00e9alis\u00e9s via certains liens de notre site. Pour en savoir plus sur nos pratiques d'affiliation, veuillez consulter notre page&nbsp;<\/span><\/span><a href=\"https:\/\/mouton-resilient.com\/partenaires\/\" target=\"_blank\" class=\"\" style=\"outline: none;\"><span data-contrast=\"auto\" data-css=\"tve-u-171ca00a0bf\" lang=\"FR-FR\"><span data-css=\"tve-u-171ca00a0c0\" data-wac-het=\"1\">Partenaires<\/span><\/span><\/a><span data-contrast=\"auto\" data-css=\"tve-u-171ca00a0bf\" lang=\"FR-FR\"><span data-css=\"tve-u-171ca00a0c0\" data-wac-het=\"1\">.&nbsp;<\/span><\/span><\/p><p style=\"text-align: left;\"><br><\/p><\/div><div class=\"thrv_wrapper thrv_text_element\"><h2 data-pm-slice=\"1 1 []\" class=\"\" style=\"text-align: left;\">M<span style=\"text-transform: lowercase !important;\" data-css=\"tve-u-196ad579fe1\">odifications de la Politique de Confidentialit\u00e9<\/span><\/h2><p>Nous nous r\u00e9servons le droit de <strong>modifier cette politique \u00e0 tout moment<\/strong>. Toute modification sera publi\u00e9e sur cette page et prendra effet imm\u00e9diatement apr\u00e8s sa publication.<\/p><p><br><\/p><\/div><div class=\"thrv_wrapper thrv_text_element\"><h2 data-pm-slice=\"1 3 []\" class=\"\" style=\"text-align: left;\">N<span style=\"text-transform: lowercase !important;\" data-css=\"tve-u-196ad57aa20\">ous Contacter<\/span><\/h2><p>Si vous avez des questions concernant cette politique de confidentialit\u00e9, vous pouvez nous contacter \u00e0 : <a disabled=\"true\" class=\"\" style=\"outline: none;\">mouton.resilient@gmail.com<\/a><\/p><\/div><div class=\"thrv_wrapper thrv_text_element\"><p style=\"text-align: left;\"><span data-contrast=\"auto\" data-css=\"tve-u-171ca00a0bf\" lang=\"FR-FR\"><span data-css=\"tve-u-171ca00a0c0\" data-wac-het=\"1\"><strong><span data-contrast=\"auto\" data-css=\"tve-u-171ca00a0bf\" lang=\"FR-FR\"><span data-css=\"tve-u-171ca00a0c0\" data-wac-het=\"1\"><span data-contrast=\"auto\" data-css=\"tve-u-171ca00a0bf\" lang=\"FR-FR\"><span data-css=\"tve-u-171ca00a0c0\" data-wac-het=\"1\">Mouton-R\u00e9silient @Tous droits r\u00e9serv\u00e9s. <\/span><\/span><\/span><\/span><\/strong><\/span><\/span><\/p><p style=\"text-align: justify;\"><br><\/p><p style=\"text-align: justify;\"><br><\/p><\/div>","tve_custom_css":"@media (min-width: 300px){:not(#tve) [data-css=\"tve-u-171ca00a031\"] { color: rgb(50, 60, 71) !important; --tcb-applied-color: rgb(50,60,71) !important; }[data-css=\"tve-u-171ca00a061\"] { --tcb-applied-color: rgb(50,60,71) !important; }[data-css=\"tve-u-171ca00a062\"] { --tcb-applied-color: rgb(50,60,71) !important; }[data-css=\"tve-u-171ca00a066\"] { --tcb-applied-color: rgb(50,60,71) !important; }[data-css=\"tve-u-171ca00a068\"] { --tcb-applied-color: rgb(50,60,71) !important; }[data-css=\"tve-u-171ca00a069\"] { --tcb-applied-color: rgb(50,60,71) !important; }[data-css=\"tve-u-171ca00a06a\"] { --tcb-applied-color: rgb(50,60,71) !important; }[data-css=\"tve-u-171ca00a06c\"] { --tcb-applied-color: rgb(50,60,71) !important; }[data-css=\"tve-u-171ca00a06d\"] { --tcb-applied-color: rgb(50,60,71) !important; }[data-css=\"tve-u-171ca00a06e\"] { --tcb-applied-color: rgb(50,60,71) !important; }[data-css=\"tve-u-171ca00a06f\"] { --tcb-applied-color: rgb(50,60,71) !important; }[data-css=\"tve-u-171ca00a076\"] { --tcb-applied-color: rgb(50,60,71) !important; }[data-css=\"tve-u-171ca00a077\"] { --tcb-applied-color: rgb(50,60,71) !important; }[data-css=\"tve-u-171ca00a079\"] { --tcb-applied-color: rgb(50,60,71) !important; }[data-css=\"tve-u-171ca00a07a\"] { --tcb-applied-color: rgb(50,60,71) !important; }[data-css=\"tve-u-171ca00a0bf\"] { --tcb-applied-color: rgb(50,60,71) !important; }[data-css=\"tve-u-171ca00a0c0\"] { --tcb-applied-color: rgb(50,60,71) !important; }[data-css=\"tve-u-171ca00a0c1\"] { --tcb-applied-color: rgb(50,60,71) !important; }[data-css=\"tve-u-171ca00a0c3\"] { --tcb-applied-color: rgb(50,60,71) !important; }[data-css=\"tve-u-171ca00a0c4\"] { --tcb-applied-color: rgb(50,60,71) !important; }[data-css=\"tve-u-171ca00a0c5\"] { --tcb-applied-color: rgb(50,60,71) !important; }[data-css=\"tve-u-171ca00a0c7\"] { --tcb-applied-color: rgb(50,60,71) !important; }[data-css=\"tve-u-18369fa1e01\"] { background-image: none !important; --background-image: none !important; --tve-applied-background-image: none !important; padding-top: 10px !important; padding-bottom: 10px !important; }[data-css=\"tve-u-18369fac6cc\"] { background-image: none !important; --background-image: none !important; --tve-applied-background-image: none !important; padding-top: 10px !important; padding-bottom: 10px !important; }[data-css=\"tve-u-18369fae8a7\"] { background-image: none !important; --background-image: none !important; --tve-applied-background-image: none !important; padding-top: 10px !important; padding-bottom: 10px !important; }[data-css=\"tve-u-192dd0bcb16\"] { min-width: auto; max-width: 1170px; }[data-css=\"tve-u-192dd0bf04d\"] { background-image: linear-gradient(rgb(234, 234, 234), rgb(234, 234, 234)) !important; background-size: auto !important; background-position: 50% 50% !important; background-attachment: scroll !important; background-repeat: no-repeat !important; --background-image: linear-gradient(rgb(234,234,234),rgb(234,234,234)) !important; --background-size: auto !important; --background-position: 50% 50% !important; --background-attachment: scroll !important; --background-repeat: no-repeat !important; --tve-applied-background-image: linear-gradient(rgb(234,234,234),rgb(234,234,234)) !important; }[data-css=\"tve-u-192dd0cb52f\"] { --tcb-applied-color: rgb(23,23,23) !important; color: rgb(23, 23, 23) !important; }[data-css=\"tve-u-192dd0cd149\"] { margin-top: 40px !important; }[data-css=\"tve-u-192dd0ce9db\"] { font-size: 50px !important; }[data-css=\"tve-u-1944314ee16\"] { margin-top: 1px !important; padding-bottom: 0px !important; }:not(#tve) [data-css=\"tve-u-196ad570c70\"] { text-transform: capitalize !important; }[data-css=\"tve-u-196ad572113\"] { text-transform: lowercase !important; }[data-css=\"tve-u-196ad57425c\"] { text-transform: lowercase !important; }[data-css=\"tve-u-196ad57502b\"] { text-transform: lowercase !important; }[data-css=\"tve-u-196ad575e0f\"] { text-transform: lowercase !important; }[data-css=\"tve-u-196ad576cb2\"] { text-transform: lowercase !important; }[data-css=\"tve-u-196ad577876\"] { text-transform: lowercase !important; }[data-css=\"tve-u-196ad578474\"] { text-transform: lowercase !important; }[data-css=\"tve-u-196ad579fe1\"] { text-transform: lowercase !important; }[data-css=\"tve-u-196ad57aa20\"] { text-transform: lowercase !important; }}@media (max-width: 767px){[data-css=\"tve-u-192dd0bcb16\"] { max-width: 315px; min-width: auto; }[data-css=\"tve-u-192dd0cb52f\"] { --tcb-applied-color: rgb(23,23,23) !important; color: rgb(23, 23, 23) !important; }[data-css=\"tve-u-192dd0ce9db\"] { font-size: 36px !important; }:not(#tve) [data-css=\"tve-u-19430e38d26\"] { font-size: 25px !important; line-height: 1.6em !important; }}","tve_user_custom_css":"","tve_globals":{"e":"1","font_cls":[]},"tcb2_ready":1,"tcb_editor_enabled":1,"tve_landing_page":"","_tve_header":"0","_tve_footer":"0"},"class_list":["post-381","page","type-page","status-publish","has-post-thumbnail","hentry"],"acf":[],"excluredefb":null,"_links":{"self":[{"href":"https:\/\/mouton-resilient.com\/en\/wp-json\/wp\/v2\/pages\/381","targetHints":{"allow":["GET"]}}],"collection":[{"href":"https:\/\/mouton-resilient.com\/en\/wp-json\/wp\/v2\/pages"}],"about":[{"href":"https:\/\/mouton-resilient.com\/en\/wp-json\/wp\/v2\/types\/page"}],"author":[{"embeddable":true,"href":"https:\/\/mouton-resilient.com\/en\/wp-json\/wp\/v2\/users\/10"}],"replies":[{"embeddable":true,"href":"https:\/\/mouton-resilient.com\/en\/wp-json\/wp\/v2\/comments?post=381"}],"version-history":[{"count":56,"href":"https:\/\/mouton-resilient.com\/en\/wp-json\/wp\/v2\/pages\/381\/revisions"}],"predecessor-version":[{"id":356609,"href":"https:\/\/mouton-resilient.com\/en\/wp-json\/wp\/v2\/pages\/381\/revisions\/356609"}],"wp:featuredmedia":[{"embeddable":true,"href":"https:\/\/mouton-resilient.com\/en\/wp-json\/wp\/v2\/media\/39107"}],"wp:attachment":[{"href":"https:\/\/mouton-resilient.com\/en\/wp-json\/wp\/v2\/media?parent=381"}],"curies":[{"name":"wp","href":"https:\/\/api.w.org\/{rel}","templated":true}]}}